{"id":2436,"date":"2023-06-26T09:38:19","date_gmt":"2023-06-26T09:38:19","guid":{"rendered":"https:\/\/ki4all.net\/?page_id=2436"},"modified":"2026-03-19T11:42:24","modified_gmt":"2026-03-19T11:42:24","slug":"impressum","status":"publish","type":"page","link":"https:\/\/ki4all.net\/en\/impressum\/","title":{"rendered":"Imprint"},"content":{"rendered":"<div data-elementor-type=\"wp-page\" data-elementor-id=\"2436\" class=\"elementor elementor-2436\">\n\t\t\t\t\t\t<section class=\"elementor-section elementor-top-section elementor-element elementor-element-5d1bfa4 elementor-section-full_width elementor-section-height-default elementor-section-height-default jltma-glass-effect-no\" data-id=\"5d1bfa4\" data-element_type=\"section\">\n\t\t\t\t\t\t<div class=\"elementor-container elementor-column-gap-default\">\n\t\t\t\t\t<div class=\"elementor-column elementor-col-100 elementor-top-column elementor-element elementor-element-9cd492b jltma-glass-effect-no\" data-id=\"9cd492b\" data-element_type=\"column\" data-settings=\"{&quot;background_background&quot;:&quot;classic&quot;}\">\n\t\t\t<div class=\"elementor-widget-wrap elementor-element-populated\">\n\t\t\t\t\t<div class=\"elementor-background-overlay\"><\/div>\n\t\t\t\t\t\t<section class=\"elementor-section elementor-inner-section elementor-element elementor-element-df237c3 elementor-section-boxed elementor-section-height-default elementor-section-height-default jltma-glass-effect-no\" data-id=\"df237c3\" data-element_type=\"section\" data-settings=\"{&quot;background_background&quot;:&quot;classic&quot;}\">\n\t\t\t\t\t\t<div class=\"elementor-container elementor-column-gap-default\">\n\t\t\t\t\t<div class=\"elementor-column elementor-col-50 elementor-inner-column elementor-element elementor-element-d1dcb92 jltma-glass-effect-no\" data-id=\"d1dcb92\" data-element_type=\"column\" data-settings=\"{&quot;background_background&quot;:&quot;classic&quot;}\">\n\t\t\t<div class=\"elementor-widget-wrap elementor-element-populated\">\n\t\t\t\t\t\t<div data-jltma-wrapper-link=\"{&quot;url&quot;:&quot;https:\\\/\\\/ki4all.net\\\/&quot;,&quot;is_external&quot;:&quot;&quot;,&quot;nofollow&quot;:&quot;&quot;}\" style=\"cursor: pointer\" class=\"elementor-element elementor-element-c37a439 jltma-glass-effect-no elementor-widget elementor-widget-image\" data-id=\"c37a439\" data-element_type=\"widget\" data-widget_type=\"image.default\">\n\t\t\t\t<div class=\"elementor-widget-container\">\n\t\t\t\t\t\t\t\t\t\t\t\t\t\t\t<img decoding=\"async\" src=\"https:\/\/ki4all.net\/wp-content\/uploads\/elementor\/thumbs\/Element_1-qbyq4k9hk9ljk340einas5f6mk3dmlajwwli5jzs3k.png\" title=\"logo\" alt=\"logo\" loading=\"lazy\" \/>\t\t\t\t\t\t\t\t\t\t\t\t\t\t\t<\/div>\n\t\t\t\t<\/div>\n\t\t\t\t\t<\/div>\n\t\t<\/div>\n\t\t\t\t<nav class=\"elementor-column elementor-col-50 elementor-inner-column elementor-element elementor-element-8979fb3 elementor-hidden-tablet elementor-hidden-mobile jltma-glass-effect-no\" data-id=\"8979fb3\" data-element_type=\"column\" data-settings=\"{&quot;background_background&quot;:&quot;classic&quot;,&quot;animation&quot;:&quot;none&quot;}\">\n\t\t\t<div class=\"elementor-widget-wrap elementor-element-populated\">\n\t\t\t\t\t\t<div class=\"elementor-element elementor-element-4b74080 jltma-menu-alignment-flex-end jltma-dropdown-breakpoints-tablet jltma-icon-position-right jltma-dropdown-align-flex-start jltma-toggle-view-stacked jltma-main-menu-item-border-type-default jltma-dropdown-border-type-default jltma-dropdown-main-level-border-type-default jltma-dropdown-item-border-type-default jltma-pointer-none jltma-glass-effect-no elementor-widget elementor-widget-ma-navmenu jltma-addon ma-navmenu\" data-id=\"4b74080\" data-element_type=\"widget\" data-settings=\"{&quot;layout&quot;:&quot;horizontal&quot;,&quot;dropdown_breakpoints&quot;:&quot;tablet&quot;}\" data-widget_type=\"ma-navmenu.default\">\n\t\t\t\t<div class=\"elementor-widget-container\">\n\t\t\t\t\t<nav class=\"jltma-nav-menu__main jltma-nav-menu__container default-main-icon-hide  jltma-layout-horizontal\" data-icon-main=\"fas fa-angle-down\" data-icon-sub=\"\"><ul id=\"menu-1-4b74080\" class=\"jltma-nav-menu__container-inner\"><li id=\"menu-item-2464\" class=\"menu-item menu-item-type-post_type menu-item-object-page menu-item-home menu-item-2464 nav-item jltma-megamenu-hover jltma-mobile-builder-content\"><a href=\"https:\/\/ki4all.net\/en\/\" class=\"jltma-menu-nav-link nav-link jltma-nav-menu__dropdown-item jltma-nav-menu__item-link-top jltma-arrow-animation-\"><span class=\"jltma-nav-menu__main-item-text-wrap\"><span class=\"jltma-nav-menu__main-item-text\">Home<\/span><\/span><\/a><\/li>\n<li id=\"menu-item-2465\" class=\"menu-item menu-item-type-post_type menu-item-object-page menu-item-has-children menu-item-2465 nav-item jltma-menu-has-children jltma-default-submenu dropdown jltma-megamenu-hover jltma-mobile-builder-content\" data-menu-type=\"default\"><a href=\"https:\/\/ki4all.net\/en\/das-projekt\/\" class=\"jltma-menu-nav-link nav-link jltma-menu-dropdown-toggle jltma-nav-menu__dropdown-item jltma-nav-menu__item-link-top jltma-arrow-animation-\" data-toggle=\"dropdown\" aria-haspopup=\"true\" aria-expanded=\"false\"><span class=\"jltma-nav-menu__main-item-text-wrap\"><span class=\"jltma-nav-menu__main-item-text\">The project<\/span><\/span><span class=\"jltma-submenu-indicator\"><\/span><\/a>\n<ul class=\"jltma-dropdown jltma-sub-menu dropdown-menu\">\n\t<li id=\"menu-item-3266\" class=\"menu-item menu-item-type-post_type menu-item-object-page menu-item-3266 nav-item jltma-megamenu-hover jltma-mobile-builder-content\"><a href=\"https:\/\/ki4all.net\/en\/das-projekt-beteiligte\/\" class=\"dropdown-item jltma-nav-menu__dropdown-item-sub jltma-nav-menu__item-link-sub jltma-arrow-animation-\"><span class=\"jltma-nav-menu__main-item-text-wrap\"><span class=\"jltma-nav-menu__main-item-text\">Beteiligte<\/span><\/span><\/a>\t<li id=\"menu-item-3264\" class=\"menu-item menu-item-type-post_type menu-item-object-page menu-item-3264 nav-item jltma-megamenu-hover jltma-mobile-builder-content\"><a href=\"https:\/\/ki4all.net\/en\/das-projekt-microcredits\/\" class=\"dropdown-item jltma-nav-menu__dropdown-item-sub jltma-nav-menu__item-link-sub jltma-arrow-animation-\"><span class=\"jltma-nav-menu__main-item-text-wrap\"><span class=\"jltma-nav-menu__main-item-text\">What are microcredits<\/span><\/span><\/a><\/ul>\n<\/li>\n<li id=\"menu-item-3189\" class=\"menu-item menu-item-type-post_type menu-item-object-page menu-item-3189 nav-item jltma-megamenu-hover jltma-mobile-builder-content\"><a href=\"https:\/\/ki4all.net\/en\/microcredits\/\" class=\"jltma-menu-nav-link nav-link jltma-nav-menu__dropdown-item jltma-nav-menu__item-link-top jltma-arrow-animation-\"><span class=\"jltma-nav-menu__main-item-text-wrap\"><span class=\"jltma-nav-menu__main-item-text\">Microcredits<\/span><\/span><\/a><\/li>\n<li id=\"menu-item-2466\" class=\"menu-item menu-item-type-post_type menu-item-object-page menu-item-2466 nav-item jltma-megamenu-hover jltma-mobile-builder-content\"><a href=\"https:\/\/ki4all.net\/en\/events\/\" class=\"jltma-menu-nav-link nav-link jltma-nav-menu__dropdown-item jltma-nav-menu__item-link-top jltma-arrow-animation-\"><span class=\"jltma-nav-menu__main-item-text-wrap\"><span class=\"jltma-nav-menu__main-item-text\">Events<\/span><\/span><\/a><\/li>\n<li id=\"menu-item-2467\" class=\"menu-item menu-item-type-post_type menu-item-object-page menu-item-2467 nav-item jltma-megamenu-hover jltma-mobile-builder-content\"><a href=\"https:\/\/ki4all.net\/en\/kontakt\/\" class=\"jltma-menu-nav-link nav-link jltma-nav-menu__dropdown-item jltma-nav-menu__item-link-top jltma-arrow-animation-\"><span class=\"jltma-nav-menu__main-item-text-wrap\"><span class=\"jltma-nav-menu__main-item-text\">Contact<\/span><\/span><\/a><\/li>\n<\/ul><\/nav><div class=\"jltma-nav-menu__toggle-container jltma-layout-horizontal jltma-menu-dropdown-type-icon\" role=\"button\" tabindex=\"0\" aria-controls=\"jltma-nav-dropdown-4b74080\" aria-expanded=\"false\" aria-label=\"Toggle menu\"><div class=\"jltma-nav-menu__toggle\"><span class=\"jltma-toggle-icon\"><i class=\"eicon-menu-bar\"><\/i><\/span><span class=\"jltma-toggle-icon-active\"><i class=\"eicon-close\"><\/i><\/span><\/div><\/div><nav class=\"jltma-nav-menu__dropdown jltma-nav-menu__container jltma-layout-horizontal jltma-menu-dropdown-type-icon jltma-arrow-animation-\" id=\"jltma-nav-dropdown-4b74080\" data-menu-type=\"icon\" data-icon-sub=\"\"><ul id=\"jltma_menu-4-4b74080\" class=\"jltma-nav-menu__container-inner jltma-nav-menu-dropdown\"><li class=\"menu-item menu-item-type-post_type menu-item-object-page menu-item-home menu-item-2464 nav-item jltma-megamenu-hover jltma-mobile-builder-content\"><a href=\"https:\/\/ki4all.net\/en\/\" class=\"jltma-menu-nav-link nav-link\">Home<\/a><\/li>\n<li class=\"menu-item menu-item-type-post_type menu-item-object-page menu-item-has-children menu-item-2465 nav-item jltma-menu-has-children jltma-default-submenu dropdown jltma-megamenu-hover jltma-mobile-builder-content\" data-menu-type=\"default\"><a href=\"https:\/\/ki4all.net\/en\/das-projekt\/\" class=\"jltma-menu-nav-link nav-link jltma-menu-dropdown-toggle\" data-toggle=\"dropdown\" aria-haspopup=\"true\" aria-expanded=\"false\">The project<span class=\"jltma-submenu-indicator\"><\/span><\/a>\n<ul class=\"jltma-dropdown jltma-sub-menu dropdown-menu\">\n\t<li class=\"menu-item menu-item-type-post_type menu-item-object-page menu-item-3266 nav-item jltma-megamenu-hover jltma-mobile-builder-content\"><a href=\"https:\/\/ki4all.net\/en\/das-projekt-beteiligte\/\" class=\"dropdown-item\">Beteiligte<\/a>\t<li class=\"menu-item menu-item-type-post_type menu-item-object-page menu-item-3264 nav-item jltma-megamenu-hover jltma-mobile-builder-content\"><a href=\"https:\/\/ki4all.net\/en\/das-projekt-microcredits\/\" class=\"dropdown-item\">What are microcredits<\/a><\/ul>\n<\/li>\n<li class=\"menu-item menu-item-type-post_type menu-item-object-page menu-item-3189 nav-item jltma-megamenu-hover jltma-mobile-builder-content\"><a href=\"https:\/\/ki4all.net\/en\/microcredits\/\" class=\"jltma-menu-nav-link nav-link\">Microcredits<\/a><\/li>\n<li class=\"menu-item menu-item-type-post_type menu-item-object-page menu-item-2466 nav-item jltma-megamenu-hover jltma-mobile-builder-content\"><a href=\"https:\/\/ki4all.net\/en\/events\/\" class=\"jltma-menu-nav-link nav-link\">Events<\/a><\/li>\n<li class=\"menu-item menu-item-type-post_type menu-item-object-page menu-item-2467 nav-item jltma-megamenu-hover jltma-mobile-builder-content\"><a href=\"https:\/\/ki4all.net\/en\/kontakt\/\" class=\"jltma-menu-nav-link nav-link\">Contact<\/a><\/li>\n<\/ul><\/nav>\t\t\t\t<\/div>\n\t\t\t\t<\/div>\n\t\t\t\t\t<\/div>\n\t\t<\/nav>\n\t\t\t\t\t<\/div>\n\t\t<\/section>\n\t\t\t\t\t<\/div>\n\t\t<\/div>\n\t\t\t\t\t<\/div>\n\t\t<\/section>\n\t\t\t\t<section class=\"elementor-section elementor-top-section elementor-element elementor-element-fb7936d elementor-section-boxed elementor-section-height-default elementor-section-height-default jltma-glass-effect-no\" data-id=\"fb7936d\" data-element_type=\"section\">\n\t\t\t\t\t\t<div class=\"elementor-container elementor-column-gap-default\">\n\t\t\t\t\t<div class=\"elementor-column elementor-col-100 elementor-top-column elementor-element elementor-element-b64d145 jltma-glass-effect-no\" data-id=\"b64d145\" data-element_type=\"column\">\n\t\t\t<div class=\"elementor-widget-wrap elementor-element-populated\">\n\t\t\t\t\t\t<div class=\"elementor-element elementor-element-acfae2d jltma-glass-effect-no elementor-widget elementor-widget-heading\" data-id=\"acfae2d\" data-element_type=\"widget\" data-widget_type=\"heading.default\">\n\t\t\t\t<div class=\"elementor-widget-container\">\n\t\t\t\t\t<h2 class=\"elementor-heading-title elementor-size-default\">Imprint<\/h2>\t\t\t\t<\/div>\n\t\t\t\t<\/div>\n\t\t\t\t<div class=\"elementor-element elementor-element-276006b jltma-glass-effect-no elementor-widget elementor-widget-text-editor\" data-id=\"276006b\" data-element_type=\"widget\" data-widget_type=\"text-editor.default\">\n\t\t\t\t<div class=\"elementor-widget-container\">\n\t\t\t\t\t\t\t\t\t<p><strong>Provider:<\/strong><br \/>Technische Universit\u00e4t Braunschweig<\/p><p>Universit\u00e4tsplatz 2<\/p><p>38106 Braunschweig<\/p><p>E-Mail:\u00a0<span style=\"font-family: var( --e-global-typography-text-font-family ), Sans-serif; font-size: var(--global--font-size-base);\">medialab@tu-braunschweig.de<\/span><\/p><p>\u00a0<\/p><p><strong>Kontakt:<\/strong><br \/>Telefon: +49 531 \/ 391-94530<br \/>Telefax: +49 531 \/ 391-94511<br \/>E-Mail: medialab@tu-braunschweig.de<br \/>Website:\u00a0<a style=\"font-family: var( --e-global-typography-text-font-family ), Sans-serif; font-size: var(--global--font-size-base);\" href=\"https:\/\/www.tu-braunschweig.de\/projekthaus\/labs\/media-lab\">https:\/\/www.tu-braunschweig.de\/projekthaus\/labs\/media-lab<\/a><\/p><p>\u00a0<\/p><p><strong>For editorial content:<\/strong><\/p><p>Responsible according to \u00a7 55 Abs.2 RStV<br \/>Henning Wessels<br \/>Universit\u00e4tsplatz 2\u00a0<br \/>38106 Braunschweig<\/p>\t\t\t\t\t\t\t\t<\/div>\n\t\t\t\t<\/div>\n\t\t\t\t\t<\/div>\n\t\t<\/div>\n\t\t\t\t\t<\/div>\n\t\t<\/section>\n\t\t\t\t<section class=\"elementor-section elementor-top-section elementor-element elementor-element-2d0a0c0 elementor-section-full_width elementor-section-height-default elementor-section-height-default jltma-glass-effect-no\" data-id=\"2d0a0c0\" data-element_type=\"section\" data-settings=\"{&quot;background_background&quot;:&quot;classic&quot;}\">\n\t\t\t\t\t\t<div class=\"elementor-container elementor-column-gap-default\">\n\t\t\t\t\t<div class=\"elementor-column elementor-col-100 elementor-top-column elementor-element elementor-element-5ef42a8 jltma-glass-effect-no\" data-id=\"5ef42a8\" data-element_type=\"column\">\n\t\t\t<div class=\"elementor-widget-wrap elementor-element-populated\">\n\t\t\t\t\t\t<section class=\"elementor-section elementor-inner-section elementor-element elementor-element-88b9644 elementor-section-boxed elementor-section-height-default elementor-section-height-default jltma-glass-effect-no\" data-id=\"88b9644\" data-element_type=\"section\">\n\t\t\t\t\t\t<div class=\"elementor-container elementor-column-gap-default\">\n\t\t\t\t\t<div class=\"elementor-column elementor-col-33 elementor-inner-column elementor-element elementor-element-d1f403b jltma-glass-effect-no\" data-id=\"d1f403b\" data-element_type=\"column\">\n\t\t\t<div class=\"elementor-widget-wrap elementor-element-populated\">\n\t\t\t\t\t\t<div class=\"elementor-element elementor-element-854ab57 jltma-glass-effect-no elementor-widget elementor-widget-text-editor\" data-id=\"854ab57\" data-element_type=\"widget\" data-widget_type=\"text-editor.default\">\n\t\t\t\t<div class=\"elementor-widget-container\">\n\t\t\t\t\t\t\t\t\t<p>AI FOR YOU!<\/p><div><br><\/div><div><br><\/div>\t\t\t\t\t\t\t\t<\/div>\n\t\t\t\t<\/div>\n\t\t\t\t\t<\/div>\n\t\t<\/div>\n\t\t\t\t<div class=\"elementor-column elementor-col-33 elementor-inner-column elementor-element elementor-element-ebec34a jltma-glass-effect-no\" data-id=\"ebec34a\" data-element_type=\"column\">\n\t\t\t<div class=\"elementor-widget-wrap elementor-element-populated\">\n\t\t\t\t\t\t<div class=\"elementor-element elementor-element-1052227 jltma-glass-effect-no elementor-widget elementor-widget-text-editor\" data-id=\"1052227\" data-element_type=\"widget\" data-widget_type=\"text-editor.default\">\n\t\t\t\t<div class=\"elementor-widget-container\">\n\t\t\t\t\t\t\t\t\t<p>Promotion<\/p>\t\t\t\t\t\t\t\t<\/div>\n\t\t\t\t<\/div>\n\t\t\t\t<div class=\"elementor-element elementor-element-d7884ab jltma-glass-effect-no elementor-widget elementor-widget-text-editor\" data-id=\"d7884ab\" data-element_type=\"widget\" data-widget_type=\"text-editor.default\">\n\t\t\t\t<div class=\"elementor-widget-container\">\n\t\t\t\t\t\t\t\t\t<p>KI4ALL wurde durch das Bundesministerium f\u00fcr Bildung und Forschung sowie durch das Land Niedersachsen im Zuge der F\u00f6rderinitiative \u201cK\u00fcnstliche Intelligenz in der Hochschulbildung\u201d gef\u00f6rdert.<\/p><p>Projektlaufzeit: Dezember 2021 \u2013 November 2025 mit bewilligten F\u00f6rdermitteln von 5 Millionen Euro. Das Projekt ist abgeschlossen.<\/p>\t\t\t\t\t\t\t\t<\/div>\n\t\t\t\t<\/div>\n\t\t\t\t\t<\/div>\n\t\t<\/div>\n\t\t\t\t<div class=\"elementor-column elementor-col-33 elementor-inner-column elementor-element elementor-element-97f2b8d jltma-glass-effect-no\" data-id=\"97f2b8d\" data-element_type=\"column\">\n\t\t\t<div class=\"elementor-widget-wrap elementor-element-populated\">\n\t\t\t\t\t\t<div class=\"elementor-element elementor-element-1581f37 jltma-glass-effect-no elementor-widget elementor-widget-text-editor\" data-id=\"1581f37\" data-element_type=\"widget\" data-widget_type=\"text-editor.default\">\n\t\t\t\t<div class=\"elementor-widget-container\">\n\t\t\t\t\t\t\t\t\t<p>Contact<\/p>\t\t\t\t\t\t\t\t<\/div>\n\t\t\t\t<\/div>\n\t\t\t\t<div class=\"elementor-element elementor-element-9bee771 jltma-glass-effect-no elementor-widget elementor-widget-text-editor\" data-id=\"9bee771\" data-element_type=\"widget\" data-widget_type=\"text-editor.default\">\n\t\t\t\t<div class=\"elementor-widget-container\">\n\t\t\t\t\t\t\t\t\t<p>You have questions or want to contact us? Just write us an email:<\/p>\t\t\t\t\t\t\t\t<\/div>\n\t\t\t\t<\/div>\n\t\t\t\t<div class=\"elementor-element elementor-element-d66c672 elementor-button-info elementor-align-left jltma-glass-effect-no elementor-widget elementor-widget-button\" data-id=\"d66c672\" data-element_type=\"widget\" data-widget_type=\"button.default\">\n\t\t\t\t<div class=\"elementor-widget-container\">\n\t\t\t\t\t\t\t\t\t<div class=\"elementor-button-wrapper\">\n\t\t\t\t\t<a class=\"elementor-button elementor-button-link elementor-size-xs\" href=\"mailto:medialab@tu-braunschweig.de\">\n\t\t\t\t\t\t<span class=\"elementor-button-content-wrapper\">\n\t\t\t\t\t\t<span class=\"elementor-button-icon\">\n\t\t\t\t<i aria-hidden=\"true\" class=\"far fa-envelope\"><\/i>\t\t\t<\/span>\n\t\t\t\t\t\t\t\t\t<span class=\"elementor-button-text\">medialab@tu-braunschweig.de<\/span>\n\t\t\t\t\t<\/span>\n\t\t\t\t\t<\/a>\n\t\t\t\t<\/div>\n\t\t\t\t\t\t\t\t<\/div>\n\t\t\t\t<\/div>\n\t\t\t\t<div class=\"elementor-element elementor-element-5bebb29 jltma-glass-effect-no elementor-widget elementor-widget-text-editor\" data-id=\"5bebb29\" data-element_type=\"widget\" data-widget_type=\"text-editor.default\">\n\t\t\t\t<div class=\"elementor-widget-container\">\n\t\t\t\t\t\t\t\t\t<p>More information<\/p>\t\t\t\t\t\t\t\t<\/div>\n\t\t\t\t<\/div>\n\t\t\t\t<div class=\"elementor-element elementor-element-b2349b0 jltma-glass-effect-no elementor-widget elementor-widget-text-editor\" data-id=\"b2349b0\" data-element_type=\"widget\" data-widget_type=\"text-editor.default\">\n\t\t\t\t<div class=\"elementor-widget-container\">\n\t\t\t\t\t\t\t\t\t<p><a href=\"https:\/\/ki4all.net\/en\/datenschutz\/\" rel=\"noopener\">privacy policy<\/a><\/p><p><a href=\"https:\/\/ki4all.net\/en\/impressum\/\" rel=\"noopener\">Imprint<\/a><\/p>\t\t\t\t\t\t\t\t<\/div>\n\t\t\t\t<\/div>\n\t\t\t\t\t<\/div>\n\t\t<\/div>\n\t\t\t\t\t<\/div>\n\t\t<\/section>\n\t\t\t\t<section class=\"elementor-section elementor-inner-section elementor-element elementor-element-5e73013 elementor-section-boxed elementor-section-height-default elementor-section-height-default jltma-glass-effect-no\" data-id=\"5e73013\" data-element_type=\"section\">\n\t\t\t\t\t\t<div class=\"elementor-container elementor-column-gap-default\">\n\t\t\t\t\t<div class=\"elementor-column elementor-col-50 elementor-inner-column elementor-element elementor-element-3655593 jltma-glass-effect-no\" data-id=\"3655593\" data-element_type=\"column\">\n\t\t\t<div class=\"elementor-widget-wrap elementor-element-populated\">\n\t\t\t\t\t\t<div class=\"elementor-element elementor-element-bbeb737 elementor-widget__width-initial jltma-glass-effect-no elementor-widget elementor-widget-image\" data-id=\"bbeb737\" data-element_type=\"widget\" data-widget_type=\"image.default\">\n\t\t\t\t<div class=\"elementor-widget-container\">\n\t\t\t\t\t\t\t\t\t\t\t\t\t\t\t<img fetchpriority=\"high\" decoding=\"async\" width=\"620\" height=\"146\" src=\"https:\/\/ki4all.net\/wp-content\/uploads\/2025\/03\/Foerderleiste-1024x241.jpg\" class=\"attachment-large size-large wp-image-3316\" alt=\"\" srcset=\"https:\/\/ki4all.net\/wp-content\/uploads\/2025\/03\/Foerderleiste-1024x241.jpg 1024w, https:\/\/ki4all.net\/wp-content\/uploads\/2025\/03\/Foerderleiste-300x71.jpg 300w, https:\/\/ki4all.net\/wp-content\/uploads\/2025\/03\/Foerderleiste-768x181.jpg 768w, https:\/\/ki4all.net\/wp-content\/uploads\/2025\/03\/Foerderleiste-1536x362.jpg 1536w, https:\/\/ki4all.net\/wp-content\/uploads\/2025\/03\/Foerderleiste-2048x482.jpg 2048w, https:\/\/ki4all.net\/wp-content\/uploads\/2025\/03\/Foerderleiste-18x4.jpg 18w, https:\/\/ki4all.net\/wp-content\/uploads\/2025\/03\/Foerderleiste-1568x369.jpg 1568w, https:\/\/ki4all.net\/wp-content\/uploads\/2025\/03\/Foerderleiste-600x141.jpg 600w\" sizes=\"(max-width: 620px) 100vw, 620px\" \/>\t\t\t\t\t\t\t\t\t\t\t\t\t\t\t<\/div>\n\t\t\t\t<\/div>\n\t\t\t\t\t<\/div>\n\t\t<\/div>\n\t\t\t\t<div class=\"elementor-column elementor-col-50 elementor-inner-column elementor-element elementor-element-9c8ae41 jltma-glass-effect-no\" data-id=\"9c8ae41\" data-element_type=\"column\">\n\t\t\t<div class=\"elementor-widget-wrap elementor-element-populated\">\n\t\t\t\t\t\t<div class=\"elementor-element elementor-element-3b5a2ff jltma-glass-effect-no elementor-widget elementor-widget-image\" data-id=\"3b5a2ff\" data-element_type=\"widget\" data-widget_type=\"image.default\">\n\t\t\t\t<div class=\"elementor-widget-container\">\n\t\t\t\t\t\t\t\t\t\t\t\t\t\t\t<img decoding=\"async\" width=\"300\" height=\"71\" src=\"https:\/\/ki4all.net\/wp-content\/uploads\/2026\/03\/Niedersachsen-Logo-richtiger-Pixel-6-300x71.png\" class=\"attachment-medium size-medium wp-image-3627\" alt=\"\" srcset=\"https:\/\/ki4all.net\/wp-content\/uploads\/2026\/03\/Niedersachsen-Logo-richtiger-Pixel-6-300x71.png 300w, https:\/\/ki4all.net\/wp-content\/uploads\/2026\/03\/Niedersachsen-Logo-richtiger-Pixel-6-1024x241.png 1024w, https:\/\/ki4all.net\/wp-content\/uploads\/2026\/03\/Niedersachsen-Logo-richtiger-Pixel-6-768x181.png 768w, https:\/\/ki4all.net\/wp-content\/uploads\/2026\/03\/Niedersachsen-Logo-richtiger-Pixel-6-1536x362.png 1536w, https:\/\/ki4all.net\/wp-content\/uploads\/2026\/03\/Niedersachsen-Logo-richtiger-Pixel-6-2048x482.png 2048w, https:\/\/ki4all.net\/wp-content\/uploads\/2026\/03\/Niedersachsen-Logo-richtiger-Pixel-6-18x4.png 18w, https:\/\/ki4all.net\/wp-content\/uploads\/2026\/03\/Niedersachsen-Logo-richtiger-Pixel-6-1568x369.png 1568w, https:\/\/ki4all.net\/wp-content\/uploads\/2026\/03\/Niedersachsen-Logo-richtiger-Pixel-6-600x141.png 600w\" sizes=\"(max-width: 300px) 100vw, 300px\" \/>\t\t\t\t\t\t\t\t\t\t\t\t\t\t\t<\/div>\n\t\t\t\t<\/div>\n\t\t\t\t\t<\/div>\n\t\t<\/div>\n\t\t\t\t\t<\/div>\n\t\t<\/section>\n\t\t\t\t\t<\/div>\n\t\t<\/div>\n\t\t\t\t\t<\/div>\n\t\t<\/section>\n\t\t\t\t<\/div>","protected":false},"excerpt":{"rendered":"<p>Impressum Anbieter:Technische Universit\u00e4t Braunschweig Universit\u00e4tsplatz 2 38106 Braunschweig E-Mail:\u00a0medialab@tu-braunschweig.de \u00a0 Kontakt:Telefon: +49 531 \/ 391-94530Telefax: +49 531 \/ 391-94511E-Mail: medialab@tu-braunschweig.deWebsite:\u00a0https:\/\/www.tu-braunschweig.de\/projekthaus\/labs\/media-lab \u00a0 Bei redaktionellen Inhalten: Verantwortlich nach \u00a7 55 Abs.2 RStVHenning WesselsUniversit\u00e4tsplatz 2\u00a038106 Braunschweig KI F\u00dcR DICH! F\u00f6rderung KI4ALL wurde durch das Bundesministerium f\u00fcr Bildung und Forschung sowie durch das Land Niedersachsen im Zuge der F\u00f6rderinitiative<a class=\"more-link\" href=\"https:\/\/ki4all.net\/en\/impressum\/\">Continue reading <span class=\"screen-reader-text\">&#8222;Impressum&#8220;<\/span><\/a><\/p>","protected":false},"author":8,"featured_media":0,"parent":0,"menu_order":0,"comment_status":"closed","ping_status":"closed","template":"elementor_canvas","meta":{"footnotes":"","two_page_speed":[]},"_links":{"self":[{"href":"https:\/\/ki4all.net\/en\/wp-json\/wp\/v2\/pages\/2436"}],"collection":[{"href":"https:\/\/ki4all.net\/en\/wp-json\/wp\/v2\/pages"}],"about":[{"href":"https:\/\/ki4all.net\/en\/wp-json\/wp\/v2\/types\/page"}],"author":[{"embeddable":true,"href":"https:\/\/ki4all.net\/en\/wp-json\/wp\/v2\/users\/8"}],"replies":[{"embeddable":true,"href":"https:\/\/ki4all.net\/en\/wp-json\/wp\/v2\/comments?post=2436"}],"version-history":[{"count":40,"href":"https:\/\/ki4all.net\/en\/wp-json\/wp\/v2\/pages\/2436\/revisions"}],"predecessor-version":[{"id":3630,"href":"https:\/\/ki4all.net\/en\/wp-json\/wp\/v2\/pages\/2436\/revisions\/3630"}],"wp:attachment":[{"href":"https:\/\/ki4all.net\/en\/wp-json\/wp\/v2\/media?parent=2436"}],"curies":[{"name":"wp","href":"https:\/\/api.w.org\/{rel}","templated":true}]}}